{"id":2607,"date":"2021-12-14T14:56:34","date_gmt":"2021-12-14T14:56:34","guid":{"rendered":"https:\/\/www.profol.de\/films\/druckbasisfolie\/"},"modified":"2026-01-15T10:14:09","modified_gmt":"2026-01-15T09:14:09","slug":"printing-base-film","status":"publish","type":"page","link":"https:\/\/www.profol.de\/en\/printing-base-film\/","title":{"rendered":"Printing base film"},"content":{"rendered":"<div class=\"wpb-content-wrapper\"><p>[vc_section][vc_row full_width=&#8221;stretch_row_content_no_spaces&#8221;][vc_column]<div class=\"fullwidth top-banner img-box wpb_content_element\" style=\"background-image: url(https:\/\/www.profol.de\/wp-content\/uploads\/2022\/04\/Produktionsmaschine_fuer_Polypropylenfolie.jpg)\"><i class=\"move-down\"><\/i><div class=\"container relative sm\"><div class=\"flexbox\"><div class=\"text-box \"><h1 class=\"marked\">Printing base film<\/h1><h2>Wir stehen drauf ...<\/h2><\/div><\/div><\/div><\/div>[\/vc_column][\/vc_row][vc_row][vc_column]<div class=\"  custom-content wpb_content_element\"><div class=\"wpb_text_column\"><h1><strong><span style=\"font-size: 28px;\">Dekordruckfolie f\u00fcr Fussbodendekore<\/span><\/strong><\/h1>\n<p>Ihr Dekor auf PP: PVC-frei und problemfrei! Ihre Fu\u00dfbodendekore sind auf der Profol Dekordruckfolie am richtigen Platz. Farbgenau eingef\u00e4rbt wird auf PP-Folie der h\u00f6chsten Qualit\u00e4t gedruckt \u2013 einfach und sicher. Zusammen mit einer <a href=\"https:\/\/www.profol.de\/fussboden-nutzschicht\/\">PP-Oberfolie<\/a> oder gepr\u00e4gten <a href=\"https:\/\/www.profol.de\/fussboden-nutzschicht\/\">Wearlayern<\/a> wird daraus eine komplette Einstoffl\u00f6sung aus PP-Kunststoff \u2013 100% recyclebar. Darauf stehen Kunden.<\/p>\n<\/div><\/div><div class=\"fullwidth-slider wpb_content_element\"><div class=\"slick-slide\"><figure class=\"img-box \" style=\"background-image: url(https:\/\/www.profol.de\/wp-content\/uploads\/2022\/04\/Holzfarbener_Fussboden_Verwendung_von_Druckbasisfolien.jpg)\"><\/figure><\/div><\/div>[\/vc_column][\/vc_row][vc_row el_class=&#8221;sm&#8221;][vc_column][vc_column_text]<\/p>\n<h2 style=\"text-align: center\">Wichtigste Funktionen<\/h2>\n<p>[\/vc_column_text][vc_row_inner][vc_column_inner width=&#8221;1\/2&#8243;][vc_column_text el_class=&#8221;plus-list&#8221;]<\/p>\n<ul>\n<li>Gut, stabil und sicher bedruckbar<\/li>\n<li>PVC- und melaminfrei<\/li>\n<li>100% recyclebar<\/li>\n<\/ul>\n<p>[\/vc_column_text][\/vc_column_inner][vc_column_inner width=&#8221;1\/2&#8243;][vc_column_text el_class=&#8221;plus-list&#8221;]<\/p>\n<ul>\n<li>Sehr genaue Dickenprofile<\/li>\n<li>Hohe Farbstabilit\u00e4t und Reproduzierbarkeit<\/li>\n<li>Dekordruckfolie und Wearlayer aus einer Hand, termingenaue Logistik inklusive<\/li>\n<\/ul>\n<p>[\/vc_column_text][\/vc_column_inner][\/vc_row_inner][\/vc_column][\/vc_row][vc_row el_class=&#8221;sm&#8221;][vc_column][vc_column_text]<\/p>\n<h2 style=\"text-align: center\">Spezifikationen<\/h2>\n<p>[\/vc_column_text][vc_row_inner][vc_column_inner width=&#8221;1\/2&#8243;][vc_column_text el_class=&#8221;circle-list&#8221;]<\/p>\n<ul>\n<li>Dickenbereich: 100 \u2013 200\u03bcm<\/li>\n<li>Breite: bis zu 2.200mm<\/li>\n<\/ul>\n<p>[\/vc_column_text][\/vc_column_inner][vc_column_inner width=&#8221;1\/2&#8243;][vc_column_text el_class=&#8221;circle-list&#8221;]<\/p>\n<ul>\n<li>Farben: Weiss, Beige, Grau, Braun, Schwarz<\/li>\n<\/ul>\n<p>[\/vc_column_text][\/vc_column_inner][\/vc_row_inner][\/vc_column][\/vc_row][\/vc_section][vc_section css=&#8221;.vc_custom_1629320608588{background-color: #378067 !important;}&#8221;][vc_row][vc_column]<div class=\"contact-persons wpb_content_element\"><div class=\"wpb_text_column wpb_content_element text-center\"><h2>Kontakt<\/h2><\/div><div class=\"flexbox\"><div class=\"person\"><div class=\"relative\"><figure class=\"img-box\" style=\"background-image: url(https:\/\/www.profol.de\/wp-content\/uploads\/2025\/02\/Peter-Weidenschlager-3.png)\"><\/figure><\/div><div class=\"text-box\"><h3>Peter Weidenschlager<\/h3><p>Global Key Account Manager Furniture & Flooring<\/p><ul class=\"contact-list\"><li><a href=\"tel:+49 151 1479 3858\">+49 151 1479 3858<\/a><\/li><li><a href=\"mailto:pweidenschlager@profol.de\">pweidenschlager@profol.de<\/a><\/li><\/ul><\/div><\/div><div class=\"person\"><div class=\"relative\"><figure class=\"img-box\" style=\"background-image: url(https:\/\/www.profol.de\/wp-content\/uploads\/2025\/02\/Pascal-Wenzel-2.png)\"><\/figure><\/div><div class=\"text-box\"><h3>Pascal Wenzel<\/h3><p>Key Account Manager Furniture<\/p><ul class=\"contact-list\"><li><a href=\"tel:+49 160 98312158\">+49 160 98312158<\/a><\/li><li><a href=\"mailto:pwenzel@profol.de\">pwenzel@profol.de<\/a><\/li><\/ul><\/div><\/div><div class=\"person\"><div class=\"relative\"><figure class=\"img-box\" style=\"background-image: url()\"><\/figure><\/div><div class=\"text-box\"><h3>Alexander Volobuyev<\/h3><p>Key Account Manager Furniture<\/p><ul class=\"contact-list\"><li><a href=\"tel:+49 151 283 177 16\">+49 151 283 177 16<\/a><\/li><li><a href=\"mailto:Avolobuyev@profol.de\">Avolobuyev@profol.de<\/a><\/li><\/ul><\/div><\/div><\/div><\/div>[\/vc_column][\/vc_row][\/vc_section]<\/p>\n<\/div>","protected":false},"excerpt":{"rendered":"<p>Lorem ipsum dolor sit amet, consetetur sadipscing elitr, sed diam nonumy eirmod tempor invidunt.<\/p>\n","protected":false},"author":5,"featured_media":0,"parent":0,"menu_order":5,"comment_status":"closed","ping_status":"closed","template":"","meta":{"_acf_changed":false,"footnotes":""},"class_list":["post-2607","page","type-page","status-publish","hentry"],"acf":[],"yoast_head":"<!-- This site is optimized with the Yoast SEO plugin v27.4 - https:\/\/yoast.com\/product\/yoast-seo-wordpress\/ -->\n<title>Printing base film for floor decors | Profol<\/title>\n<meta name=\"description\" content=\"Floor decors are in the right place on Profol print base film. Accurately colored and printed on the highest quality PP film\" \/>\n<meta name=\"robots\" content=\"index, follow, max-snippet:-1, max-image-preview:large, max-video-preview:-1\" \/>\n<link rel=\"canonical\" href=\"https:\/\/www.profol.de\/en\/printing-base-film\/\" \/>\n<meta property=\"og:locale\" content=\"en_US\" \/>\n<meta property=\"og:type\" content=\"article\" \/>\n<meta property=\"og:title\" content=\"Printing base film for floor decors | Profol\" \/>\n<meta property=\"og:description\" content=\"Floor decors are in the right place on Profol print base film. Accurately colored and printed on the highest quality PP film\" \/>\n<meta property=\"og:url\" content=\"https:\/\/www.profol.de\/en\/printing-base-film\/\" \/>\n<meta property=\"og:site_name\" content=\"Profol\" \/>\n<meta property=\"article:modified_time\" content=\"2026-01-15T09:14:09+00:00\" \/>\n<meta name=\"twitter:card\" content=\"summary_large_image\" \/>\n<meta name=\"twitter:label1\" content=\"Est. reading time\" \/>\n\t<meta name=\"twitter:data1\" content=\"2 minutes\" \/>\n<!-- \/ Yoast SEO plugin. -->","yoast_head_json":{"title":"Printing base film for floor decors | Profol","description":"Floor decors are in the right place on Profol print base film. Accurately colored and printed on the highest quality PP film","robots":{"index":"index","follow":"follow","max-snippet":"max-snippet:-1","max-image-preview":"max-image-preview:large","max-video-preview":"max-video-preview:-1"},"canonical":"https:\/\/www.profol.de\/en\/printing-base-film\/","og_locale":"en_US","og_type":"article","og_title":"Printing base film for floor decors | Profol","og_description":"Floor decors are in the right place on Profol print base film. Accurately colored and printed on the highest quality PP film","og_url":"https:\/\/www.profol.de\/en\/printing-base-film\/","og_site_name":"Profol","article_modified_time":"2026-01-15T09:14:09+00:00","twitter_card":"summary_large_image","twitter_misc":{"Est. reading time":"2 minutes"},"schema":{"@context":"https:\/\/schema.org","@graph":[{"@type":"WebPage","@id":"https:\/\/www.profol.de\/en\/printing-base-film\/","url":"https:\/\/www.profol.de\/en\/printing-base-film\/","name":"Printing base film for floor decors | Profol","isPartOf":{"@id":"https:\/\/www.profol.de\/en\/#website"},"datePublished":"2021-12-14T14:56:34+00:00","dateModified":"2026-01-15T09:14:09+00:00","description":"Floor decors are in the right place on Profol print base film. Accurately colored and printed on the highest quality PP film","breadcrumb":{"@id":"https:\/\/www.profol.de\/en\/printing-base-film\/#breadcrumb"},"inLanguage":"en-US","potentialAction":[{"@type":"ReadAction","target":["https:\/\/www.profol.de\/en\/printing-base-film\/"]}]},{"@type":"BreadcrumbList","@id":"https:\/\/www.profol.de\/en\/printing-base-film\/#breadcrumb","itemListElement":[{"@type":"ListItem","position":1,"name":"Home","item":"https:\/\/www.profol.de\/en\/"},{"@type":"ListItem","position":2,"name":"Printing base film"}]},{"@type":"WebSite","@id":"https:\/\/www.profol.de\/en\/#website","url":"https:\/\/www.profol.de\/en\/","name":"Profol","description":"","publisher":{"@id":"https:\/\/www.profol.de\/en\/#organization"},"potentialAction":[{"@type":"SearchAction","target":{"@type":"EntryPoint","urlTemplate":"https:\/\/www.profol.de\/en\/?s={search_term_string}"},"query-input":{"@type":"PropertyValueSpecification","valueRequired":true,"valueName":"search_term_string"}}],"inLanguage":"en-US"},{"@type":"Organization","@id":"https:\/\/www.profol.de\/en\/#organization","name":"Profol GmbH","url":"https:\/\/www.profol.de\/en\/","logo":{"@type":"ImageObject","inLanguage":"en-US","@id":"https:\/\/www.profol.de\/en\/#\/schema\/logo\/image\/","url":"https:\/\/www.profol.de\/wp-content\/uploads\/2021\/08\/profol-logo.svg","contentUrl":"https:\/\/www.profol.de\/wp-content\/uploads\/2021\/08\/profol-logo.svg","width":1,"height":1,"caption":"Profol GmbH"},"image":{"@id":"https:\/\/www.profol.de\/en\/#\/schema\/logo\/image\/"}}]}},"_links":{"self":[{"href":"https:\/\/www.profol.de\/en\/wp-json\/wp\/v2\/pages\/2607","targetHints":{"allow":["GET"]}}],"collection":[{"href":"https:\/\/www.profol.de\/en\/wp-json\/wp\/v2\/pages"}],"about":[{"href":"https:\/\/www.profol.de\/en\/wp-json\/wp\/v2\/types\/page"}],"author":[{"embeddable":true,"href":"https:\/\/www.profol.de\/en\/wp-json\/wp\/v2\/users\/5"}],"replies":[{"embeddable":true,"href":"https:\/\/www.profol.de\/en\/wp-json\/wp\/v2\/comments?post=2607"}],"version-history":[{"count":11,"href":"https:\/\/www.profol.de\/en\/wp-json\/wp\/v2\/pages\/2607\/revisions"}],"predecessor-version":[{"id":11697,"href":"https:\/\/www.profol.de\/en\/wp-json\/wp\/v2\/pages\/2607\/revisions\/11697"}],"wp:attachment":[{"href":"https:\/\/www.profol.de\/en\/wp-json\/wp\/v2\/media?parent=2607"}],"curies":[{"name":"wp","href":"https:\/\/api.w.org\/{rel}","templated":true}]}}